{"id":1026,"date":"2020-12-30T18:14:16","date_gmt":"2020-12-30T16:14:16","guid":{"rendered":"https:\/\/convestmedical.ro\/?page_id=1026"},"modified":"2021-01-04T19:13:48","modified_gmt":"2021-01-04T17:13:48","slug":"despre-noi","status":"publish","type":"page","link":"https:\/\/convestmedical.ro\/","title":{"rendered":"Despre noi"},"content":{"rendered":"<p><strong>Veste bun\u0103 pentru \u0219oferii profesioni\u0219ti, \u0219oferii de TAXI\/Uber, managerii de transport, instructorii auto \u0219i nu numai!<\/strong><br \/>\nNoul centru Convest Medical, \u00een urma unui examen medical complet conform legisla\u021biei, v\u0103 pune la dispozitie:<\/p>\n<p>&#8211; Fisa Medical\u0103 pentru siguran\u0219a transportului;<br \/>\n&#8211; Fi\u0219\u0103 Medical\u0103 pentru ob\u021binerea sau preschimbarea permisului de conducere (toate categoriile);<br \/>\n&#8211; Fi\u0219\u0103 Medical\u0103 pentru ob\u021binerea permisului de port-arm\u0103<br \/>\n&#8211; Testarea Psihologic\u0103 pentru Siguran\u021ba Transportului;<br \/>\n&#8211; Testare psihologica pentru obtinerea permisului de conducere (toate categoriile);<br \/>\n&#8211; Fi\u0219\u0103 Medical\u0103 pentru medicina muncii<\/p>\n<p>De asemenea oferim o gam\u0103 larg\u0103 de<strong> analize de laborator, consulta\u021bii de specialitate \u0219i chirurgie<\/strong> (general\u0103, plastic\u0103, estetic\u0103 \u0219i reparatorie).<\/p>\n<p>\u00cen contextul pandemiei actuale \u021binem s\u0103 v\u0103 anun\u021b\u0103m \u00een special c\u0103 efectu\u0103m \u0219i testari aferente<strong> SARS-CoV-2 (Covid-19), Antigen IgM \u0219i IgG teste rapide \u0219i din s\u00e2nge venos.<\/strong><\/p>\n","protected":false},"excerpt":{"rendered":"<p>Veste bun\u0103 pentru \u0219oferii profesioni\u0219ti, \u0219oferii de TAXI\/Uber, managerii de transport, instructorii auto \u0219i nu numai! Noul centru Convest Medical, \u00een urma unui examen medical complet conform legisla\u021biei, v\u0103 pune la dispozitie: &#8211; Fisa Medical\u0103 pentru siguran\u0219a transportului; &#8211; Fi\u0219\u0103 Medical\u0103 pentru ob\u021binerea sau preschimbarea permisului de conducere (toate categoriile); &#8211; Fi\u0219\u0103 Medical\u0103 pentru ob\u021binerea [&hellip;]<\/p>\n","protected":false},"author":4,"featured_media":1071,"parent":0,"menu_order":0,"comment_status":"closed","ping_status":"closed","template":"","meta":[],"_links":{"self":[{"href":"https:\/\/convestmedical.ro\/index.php?rest_route=\/wp\/v2\/pages\/1026"}],"collection":[{"href":"https:\/\/convestmedical.ro\/index.php?rest_route=\/wp\/v2\/pages"}],"about":[{"href":"https:\/\/convestmedical.ro\/index.php?rest_route=\/wp\/v2\/types\/page"}],"author":[{"embeddable":true,"href":"https:\/\/convestmedical.ro\/index.php?rest_route=\/wp\/v2\/users\/4"}],"replies":[{"embeddable":true,"href":"https:\/\/convestmedical.ro\/index.php?rest_route=%2Fwp%2Fv2%2Fcomments&post=1026"}],"version-history":[{"count":7,"href":"https:\/\/convestmedical.ro\/index.php?rest_route=\/wp\/v2\/pages\/1026\/revisions"}],"predecessor-version":[{"id":1207,"href":"https:\/\/convestmedical.ro\/index.php?rest_route=\/wp\/v2\/pages\/1026\/revisions\/1207"}],"wp:featuredmedia":[{"embeddable":true,"href":"https:\/\/convestmedical.ro\/index.php?rest_route=\/wp\/v2\/media\/1071"}],"wp:attachment":[{"href":"https:\/\/convestmedical.ro\/index.php?rest_route=%2Fwp%2Fv2%2Fmedia&parent=1026"}],"curies":[{"name":"wp","href":"https:\/\/api.w.org\/{rel}","templated":true}]}}