{"id":1043,"date":"2020-12-30T19:12:17","date_gmt":"2020-12-30T19:12:17","guid":{"rendered":"https:\/\/convestmedical.ro\/?page_id=1043"},"modified":"2023-11-13T10:05:54","modified_gmt":"2023-11-13T08:05:54","slug":"testari-psiholohice","status":"publish","type":"page","link":"https:\/\/convestmedical.ro\/?page_id=1043","title":{"rendered":"Test\u0103ri psihologice pentru Siguran\u021ba Circula\u021biei, Permise de Conducere, Permise Port-Arm\u0103 \u0219i Control Clinic"},"content":{"rendered":"<div><img loading=\"lazy\" class=\"alignleft wp-image-1137 size-full\" src=\"https:\/\/convestmedical.ro\/wp-content\/uploads\/2020\/12\/testari-psihologic.jpg\" alt=\"\" width=\"960\" height=\"452\" srcset=\"https:\/\/convestmedical.ro\/wp-content\/uploads\/2020\/12\/testari-psihologic.jpg 960w, https:\/\/convestmedical.ro\/wp-content\/uploads\/2020\/12\/testari-psihologic-300x141.jpg 300w, https:\/\/convestmedical.ro\/wp-content\/uploads\/2020\/12\/testari-psihologic-768x362.jpg 768w\" sizes=\"(max-width: 960px) 100vw, 960px\" \/><\/div>\n<div><\/div>\n<div><\/div>\n<div><\/div>\n<div><\/div>\n<p>&nbsp;<\/p>\n<p>&nbsp;<\/p>\n<p>&nbsp;<\/p>\n<p>&nbsp;<\/p>\n<p>&nbsp;<\/p>\n<p>&nbsp;<\/p>\n<p>&nbsp;<\/p>\n<p>&nbsp;<\/p>\n<p>&nbsp;<\/p>\n<p>&nbsp;<\/p>\n<p>&nbsp;<\/p>\n<p>&nbsp;<\/p>\n<p>&nbsp;<\/p>\n<p><span style=\"vertical-align: inherit;\"><span style=\"vertical-align: inherit;\">detalii&#8230;<\/span><\/span><\/p>\n<p>&nbsp;<\/p>\n<h1><strong><span style=\"vertical-align: inherit;\"><span style=\"vertical-align: inherit;\">OB\u021aINERE TEST\u0102RI PSIHOLOGIGE PENTRU SIGURAN\u021aA CIRCULA\u021aIEI<\/span><\/span><\/strong><\/h1>\n<div class=\"wpb_wrapper\">\n<ul class=\"ul1\">\n<li class=\"li1\"><span style=\"vertical-align: inherit;\"><span style=\"vertical-align: inherit;\">\u0219oferi \u0219i manageri TAXI<\/span><\/span><\/li>\n<li class=\"li1\"><span style=\"vertical-align: inherit;\"><span style=\"vertical-align: inherit;\">\u0219oferi transport marf\u0103 \u0219i persoane<\/span><\/span><\/li>\n<li class=\"li1\"><span style=\"vertical-align: inherit;\"><span style=\"vertical-align: inherit;\">\u0219oferi agabaritic<\/span><\/span><\/li>\n<li class=\"li1\"><span style=\"vertical-align: inherit;\"><span style=\"vertical-align: inherit;\">\u0219oferi \u0219i consilieri ADR<\/span><\/span><\/li>\n<li class=\"li1\"><span style=\"vertical-align: inherit;\"><span style=\"vertical-align: inherit;\">instructori \u0219i profesori de legisla\u021bie rutier\u0103<\/span><\/span><\/li>\n<li class=\"li1\"><span style=\"vertical-align: inherit;\"><span style=\"vertical-align: inherit;\">manageri marf\u0103 \u0219i persoane<\/span><\/span><\/li>\n<li class=\"li1\"><span style=\"vertical-align: inherit;\"><span style=\"vertical-align: inherit;\">\u0219oferi troleibuz<\/span><\/span><\/li>\n<li class=\"li1\"><span style=\"vertical-align: inherit;\"><span style=\"vertical-align: inherit;\">\u0219oferi avariate<\/span><\/span><\/li>\n<li class=\"li1\"><span style=\"vertical-align: inherit;\"><span style=\"vertical-align: inherit;\">\u0219oferi care efectueaz\u0103 transport rutier \u00een regim de \u00eenchiriere<\/span><\/span><\/li>\n<\/ul>\n<\/div>\n<div class=\"wpb_text_column wpb_content_element \">\n<h1><strong><span style=\"vertical-align: inherit;\"><span style=\"vertical-align: inherit;\">OB\u021aINERE TEST\u0102RI PSIHOLOGICE PENTRU OB\u021aINEREA PERMISULUI DE CONDUCERE<\/span><\/span><\/strong><\/h1>\n<ul>\n<li><span style=\"vertical-align: inherit;\"><span style=\"vertical-align: inherit;\">toate categoriile: <\/span><\/span><strong><span style=\"vertical-align: inherit;\"><span style=\"vertical-align: inherit;\">Gr.I ; <\/span><span style=\"vertical-align: inherit;\">Gr. <\/span><span style=\"vertical-align: inherit;\">II\u00a0<\/span><\/span><\/strong><\/li>\n<\/ul>\n<h1><strong><span style=\"vertical-align: inherit;\"><span style=\"vertical-align: inherit;\">OB\u021aINERE TEST\u0102RI SPECIFIC PSIHOLOGIC<\/span><\/span><\/strong><\/h1>\n<ul>\n<li><span style=\"vertical-align: inherit;\"><span style=\"vertical-align: inherit;\">munc<\/span><\/span><\/li>\n<li><span style=\"vertical-align: inherit;\"><span style=\"vertical-align: inherit;\">ap\u0103rare na\u021bional\u0103 ( port-arm\u0103\u00a0<\/span><\/span><\/li>\n<\/ul>\n<h1><strong><span style=\"vertical-align: inherit;\"><span style=\"vertical-align: inherit;\">OB\u021aINERE TEST\u0102RI PSIHOLOGICE \u00ceN CLINIC\u0102 DOMENIUL<\/span><\/span><\/strong><\/h1>\n<ul>\n<li><span style=\"vertical-align: inherit;\"><span style=\"vertical-align: inherit;\">test\u0103ri psihologice \u00een domeniul clinic<\/span><\/span><\/li>\n<\/ul>\n<\/div>\n","protected":false},"excerpt":{"rendered":"<p>&nbsp; &nbsp; &nbsp; &nbsp; &nbsp; &nbsp; &nbsp; &nbsp; &nbsp; &nbsp; &nbsp; &nbsp; &nbsp; detalii&#8230; &nbsp; OB\u021aINERE TEST\u0102RI PSIHOLOGIGE PENTRU SIGURAN\u021aA CIRCULA\u021aIEI \u0219oferi \u0219i manageri TAXI \u0219oferi transport marf\u0103 \u0219i persoane \u0219oferi agabaritic \u0219oferi \u0219i consilieri ADR instructori \u0219i profesori de legisla\u021bie rutier\u0103 manageri marf\u0103 \u0219i persoane \u0219oferi troleibuz \u0219oferi avariate \u0219oferi care efectueaz\u0103 transport rutier [&hellip;]<\/p>\n","protected":false},"author":4,"featured_media":0,"parent":0,"menu_order":0,"comment_status":"closed","ping_status":"closed","template":"","meta":[],"_links":{"self":[{"href":"https:\/\/convestmedical.ro\/index.php?rest_route=\/wp\/v2\/pages\/1043"}],"collection":[{"href":"https:\/\/convestmedical.ro\/index.php?rest_route=\/wp\/v2\/pages"}],"about":[{"href":"https:\/\/convestmedical.ro\/index.php?rest_route=\/wp\/v2\/types\/page"}],"author":[{"embeddable":true,"href":"https:\/\/convestmedical.ro\/index.php?rest_route=\/wp\/v2\/users\/4"}],"replies":[{"embeddable":true,"href":"https:\/\/convestmedical.ro\/index.php?rest_route=%2Fwp%2Fv2%2Fcomments&post=1043"}],"version-history":[{"count":24,"href":"https:\/\/convestmedical.ro\/index.php?rest_route=\/wp\/v2\/pages\/1043\/revisions"}],"predecessor-version":[{"id":1206,"href":"https:\/\/convestmedical.ro\/index.php?rest_route=\/wp\/v2\/pages\/1043\/revisions\/1206"}],"wp:attachment":[{"href":"https:\/\/convestmedical.ro\/index.php?rest_route=%2Fwp%2Fv2%2Fmedia&parent=1043"}],"curies":[{"name":"wp","href":"https:\/\/api.w.org\/{rel}","templated":true}]}}